{"id":1531,"date":"2025-03-22T12:00:18","date_gmt":"2025-03-22T12:00:18","guid":{"rendered":"https:\/\/sozenlerahsap.com\/?page_id=1531"},"modified":"2025-05-28T13:28:29","modified_gmt":"2025-05-28T13:28:29","slug":"human-resources","status":"publish","type":"page","link":"https:\/\/sozenlerahsap.com\/en\/human-resources\/","title":{"rendered":"Human Resources"},"content":{"rendered":"\t\t<div data-elementor-type=\"wp-page\" data-elementor-id=\"1531\" class=\"elementor elementor-1531\">\n\t\t\t\t\t\t<section class=\"elementor-section elementor-top-section elementor-element elementor-element-174fc22 elementor-section-full_width elementor-section-height-default elementor-section-height-default\" data-id=\"174fc22\" data-element_type=\"section\">\n\t\t\t\t\t\t<div class=\"elementor-container elementor-column-gap-no\">\n\t\t\t\t\t<div class=\"elementor-column elementor-col-100 elementor-top-column elementor-element elementor-element-da0bca3\" data-id=\"da0bca3\" data-element_type=\"column\">\n\t\t\t<div class=\"elementor-widget-wrap elementor-element-populated\">\n\t\t\t\t\t\t<div class=\"elementor-element elementor-element-aa61db3 elementor-align-left elementor-widget elementor-widget-pages-header\" data-id=\"aa61db3\" data-element_type=\"widget\" data-widget_type=\"pages-header.default\">\n\t\t\t\t<div class=\"elementor-widget-container\">\n\t\t\t\t\t\r\n\t\t\t\t<section class=\"page-title\" style=\"background-image: url(https:\/\/sozenlerahsap.com\/wp-content\/uploads\/2025\/03\/kariyer-banner.jpg);\r\n\t    background-size: cover;\r\n\t    background-repeat: no-repeat;\r\n\t    background-position: center center;\">\r\n   \t\t            <div class=\"container\">\r\n                <div class=\"row\">\r\n                    <div class=\"col-xs-12\">\r\n                    \t                        <h2>Kariyer<\/h2>\r\n                                                <ol class=\"breadcrumb\">\r\n                        \t                            <li><a href=\"\">Anasayfa<\/a><\/li>\r\n                                                                                    <li>Kariyer<\/li>\r\n                                                    <\/ol>\r\n                    <\/div>\r\n                <\/div>\r\n            <\/div>\r\n        <\/section>\r\n\r\n\t\t\t\t\t<\/div>\n\t\t\t\t<\/div>\n\t\t\t\t\t<\/div>\n\t\t<\/div>\n\t\t\t\t\t<\/div>\n\t\t<\/section>\n\t\t\t\t<section class=\"elementor-section elementor-top-section elementor-element elementor-element-81360ef elementor-section-boxed elementor-section-height-default elementor-section-height-default\" data-id=\"81360ef\" data-element_type=\"section\">\n\t\t\t\t\t\t<div class=\"elementor-container elementor-column-gap-default\">\n\t\t\t\t\t<div class=\"elementor-column elementor-col-100 elementor-top-column elementor-element elementor-element-0d65455\" data-id=\"0d65455\" data-element_type=\"column\">\n\t\t\t<div class=\"elementor-widget-wrap elementor-element-populated\">\n\t\t\t\t\t\t<div class=\"elementor-element elementor-element-701beaf elementor-widget elementor-widget-sina_title\" data-id=\"701beaf\" data-element_type=\"widget\" data-widget_type=\"sina_title.default\">\n\t\t\t\t<div class=\"elementor-widget-container\">\n\t\t\t\t\t\t\t<div class=\"sina-title\">\r\n\t\t\t\r\n\t\t\t\t\t\t\t<h2 class=\"sina-title-title\">Kariyer F\u0131rsatlar\u0131 | S\u00f6zenler Ah\u015fap Yap\u0131<\/h2>\t\t\t\r\n\t\t\t\t\t\t\t<div class=\"sina-separator-wrap sina-flex\">\r\n\t\t\t\t\t<div class=\"sina-separator \"><\/div>\r\n\t\t\t\t<\/div>\r\n\t\t\t\r\n\t\t\t\r\n\t\t\t\t\t\t\t<div class=\"sina-title-desc\">S\u00f6zenler Ah\u015fap Yap\u0131'da kariyer f\u0131rsatlar\u0131n\u0131 ke\u015ffedin! Trabzon merkezli firmam\u0131zda ah\u015fap yap\u0131 sekt\u00f6r\u00fcnde yenilik\u00e7i projelere katk\u0131da bulunmak i\u00e7in ba\u015fvurun.<\/div>\t\t\t\t\t<\/div><!-- .sina-title -->\r\n\t\t\t\t\t\t<\/div>\n\t\t\t\t<\/div>\n\t\t\t\t<div class=\"elementor-element elementor-element-2da29e8 elementor-widget elementor-widget-shortcode\" data-id=\"2da29e8\" data-element_type=\"widget\" data-widget_type=\"shortcode.default\">\n\t\t\t\t<div class=\"elementor-widget-container\">\n\t\t\t\t\t\t\t<div class=\"elementor-shortcode\">\n<div class=\"wpcf7 no-js\" id=\"wpcf7-f1662-o1\" lang=\"tr-TR\" dir=\"ltr\" data-wpcf7-id=\"1662\">\n<div class=\"screen-reader-response\"><p role=\"status\" aria-live=\"polite\" aria-atomic=\"true\"><\/p> <ul><\/ul><\/div>\n<form action=\"\/en\/wp-json\/wp\/v2\/pages\/1531#wpcf7-f1662-o1\" method=\"post\" class=\"wpcf7-form init\" aria-label=\"\u0130leti\u015fim Formu\" novalidate=\"novalidate\" data-status=\"init\">\n<fieldset class=\"hidden-fields-container\"><input type=\"hidden\" name=\"_wpcf7\" value=\"1662\" \/><input type=\"hidden\" name=\"_wpcf7_version\" value=\"6.1.4\" \/><input type=\"hidden\" name=\"_wpcf7_locale\" value=\"tr_TR\" \/><input type=\"hidden\" name=\"_wpcf7_unit_tag\" value=\"wpcf7-f1662-o1\" \/><input type=\"hidden\" name=\"_wpcf7_container_post\" value=\"0\" \/><input type=\"hidden\" name=\"_wpcf7_posted_data_hash\" value=\"\" \/>\n<\/fieldset>\n<p><label>Ad\u0131n\u0131z: <span class=\"wpcf7-form-control-wrap\" data-name=\"your-name\"><input size=\"40\" maxlength=\"400\" class=\"wpcf7-form-control wpcf7-text wpcf7-validates-as-required\" aria-required=\"true\" aria-invalid=\"false\" placeholder=\"Ad\u0131n\u0131z\u0131 girin\" value=\"\" type=\"text\" name=\"your-name\" \/><\/span><\/label><br \/>\n<label>Soyad\u0131n\u0131z: <span class=\"wpcf7-form-control-wrap\" data-name=\"your-surname\"><input size=\"40\" maxlength=\"400\" class=\"wpcf7-form-control wpcf7-text wpcf7-validates-as-required\" aria-required=\"true\" aria-invalid=\"false\" placeholder=\"Soyad\u0131n\u0131z\u0131 girin\" value=\"\" type=\"text\" name=\"your-surname\" \/><\/span><\/label><br \/>\n<label>Cinsiyet: <span class=\"wpcf7-form-control-wrap\" data-name=\"your-gender\"><span class=\"wpcf7-form-control wpcf7-radio\"><span class=\"wpcf7-list-item first\"><input type=\"radio\" name=\"your-gender\" value=\"Bay\" \/><span class=\"wpcf7-list-item-label\">Bay<\/span><\/span><span class=\"wpcf7-list-item last\"><input type=\"radio\" name=\"your-gender\" value=\"Bayan\" \/><span class=\"wpcf7-list-item-label\">Bayan<\/span><\/span><\/span><\/span><\/label><br \/>\n<label>Medeni Durum: <span class=\"wpcf7-form-control-wrap\" data-name=\"your-marital-status\"><span class=\"wpcf7-form-control wpcf7-radio\"><span class=\"wpcf7-list-item first\"><input type=\"radio\" name=\"your-marital-status\" value=\"Bekar\" \/><span class=\"wpcf7-list-item-label\">Bekar<\/span><\/span><span class=\"wpcf7-list-item last\"><input type=\"radio\" name=\"your-marital-status\" value=\"Evli\" \/><span class=\"wpcf7-list-item-label\">Evli<\/span><\/span><\/span><\/span><\/label><br \/>\n<label>Do\u011fum Tarihi: <span class=\"wpcf7-form-control-wrap\" data-name=\"your-birthdate\"><input class=\"wpcf7-form-control wpcf7-date wpcf7-validates-as-date\" aria-invalid=\"false\" value=\"\" type=\"date\" name=\"your-birthdate\" \/><\/span><\/label><br \/>\n<label>Do\u011fum Yeri: <span class=\"wpcf7-form-control-wrap\" data-name=\"your-birthplace\"><input size=\"40\" maxlength=\"400\" class=\"wpcf7-form-control wpcf7-text\" aria-invalid=\"false\" placeholder=\"Do\u011fum yerinizi girin\" value=\"\" type=\"text\" name=\"your-birthplace\" \/><\/span><\/label><br \/>\n<label>Uyru\u011funuz: <span class=\"wpcf7-form-control-wrap\" data-name=\"your-nationality\"><input size=\"40\" maxlength=\"400\" class=\"wpcf7-form-control wpcf7-text\" aria-invalid=\"false\" placeholder=\"Uyru\u011funuzu girin\" value=\"\" type=\"text\" name=\"your-nationality\" \/><\/span><\/label><br \/>\n<label>Askerlik Durumu: <span class=\"wpcf7-form-control-wrap\" data-name=\"your-military-status\"><span class=\"wpcf7-form-control wpcf7-radio\"><span class=\"wpcf7-list-item first\"><input type=\"radio\" name=\"your-military-status\" value=\"Tecilli\" \/><span class=\"wpcf7-list-item-label\">Tecilli<\/span><\/span><span class=\"wpcf7-list-item\"><input type=\"radio\" name=\"your-military-status\" value=\"Yapt\u0131m\" \/><span class=\"wpcf7-list-item-label\">Yapt\u0131m<\/span><\/span><span class=\"wpcf7-list-item last\"><input type=\"radio\" name=\"your-military-status\" value=\"Muaf\" \/><span class=\"wpcf7-list-item-label\">Muaf<\/span><\/span><\/span><\/span><\/label><br \/>\n<label>Ev Telefonu: <span class=\"wpcf7-form-control-wrap\" data-name=\"your-home-phone\"><input size=\"40\" maxlength=\"400\" class=\"wpcf7-form-control wpcf7-tel wpcf7-text wpcf7-validates-as-tel\" aria-invalid=\"false\" placeholder=\"Ev telefonunuzu girin\" value=\"\" type=\"tel\" name=\"your-home-phone\" \/><\/span><\/label><br \/>\n<label>Cep Telefonu: <span class=\"wpcf7-form-control-wrap\" data-name=\"your-mobile-phone\"><input size=\"40\" maxlength=\"400\" class=\"wpcf7-form-control wpcf7-tel wpcf7-validates-as-required wpcf7-text wpcf7-validates-as-tel\" aria-required=\"true\" aria-invalid=\"false\" placeholder=\"Cep telefonunuzu girin\" value=\"\" type=\"tel\" name=\"your-mobile-phone\" \/><\/span><\/label><br \/>\n<label>E-posta Adresi: <span class=\"wpcf7-form-control-wrap\" data-name=\"your-email\"><input size=\"40\" maxlength=\"400\" class=\"wpcf7-form-control wpcf7-email wpcf7-validates-as-required wpcf7-text wpcf7-validates-as-email\" aria-required=\"true\" aria-invalid=\"false\" placeholder=\"E-posta adresinizi girin\" value=\"\" type=\"email\" name=\"your-email\" \/><\/span><\/label><br \/>\n<label>Adres: <span class=\"wpcf7-form-control-wrap\" data-name=\"your-address\"><textarea cols=\"40\" rows=\"10\" maxlength=\"2000\" class=\"wpcf7-form-control wpcf7-textarea\" aria-invalid=\"false\" placeholder=\"Adresinizi girin\" name=\"your-address\"><\/textarea><\/span><\/label><br \/>\n<label>\u015eehir: <span class=\"wpcf7-form-control-wrap\" data-name=\"your-city\"><select class=\"wpcf7-form-control wpcf7-select\" aria-invalid=\"false\" name=\"your-city\"><option value=\"\">&#8212;L\u00fctfen bir se\u00e7enek se\u00e7in&#8212;<\/option><option value=\"Adana\">Adana<\/option><option value=\"Ankara\">Ankara<\/option><option value=\"\u0130stanbul\">\u0130stanbul<\/option><option value=\"\u0130zmir\">\u0130zmir<\/option><option value=\"Di\u011fer\">Di\u011fer<\/option><\/select><\/span><\/label><br \/>\n<label>E\u011fitim Durumu: <span class=\"wpcf7-form-control-wrap\" data-name=\"your-education\"><span class=\"wpcf7-form-control wpcf7-radio\"><span class=\"wpcf7-list-item first\"><input type=\"radio\" name=\"your-education\" value=\"Lise\" \/><span class=\"wpcf7-list-item-label\">Lise<\/span><\/span><span class=\"wpcf7-list-item\"><input type=\"radio\" name=\"your-education\" value=\"\u00d6n Lisans\" \/><span class=\"wpcf7-list-item-label\">\u00d6n Lisans<\/span><\/span><span class=\"wpcf7-list-item\"><input type=\"radio\" name=\"your-education\" value=\"Lisans\" \/><span class=\"wpcf7-list-item-label\">Lisans<\/span><\/span><span class=\"wpcf7-list-item last\"><input type=\"radio\" name=\"your-education\" value=\"Y\u00fcksek Lisans\" \/><span class=\"wpcf7-list-item-label\">Y\u00fcksek Lisans<\/span><\/span><\/span><\/span><\/label><br \/>\n<label>Lise Okul Ad\u0131: <span class=\"wpcf7-form-control-wrap\" data-name=\"your-highschool\"><input size=\"40\" maxlength=\"400\" class=\"wpcf7-form-control wpcf7-text\" aria-invalid=\"false\" placeholder=\"Lise okul ad\u0131n\u0131z\u0131 girin\" value=\"\" type=\"text\" name=\"your-highschool\" \/><\/span><\/label><br \/>\n<label>Mezuniyet Y\u0131l\u0131: <span class=\"wpcf7-form-control-wrap\" data-name=\"your-graduation-year\"><select class=\"wpcf7-form-control wpcf7-select\" aria-invalid=\"false\" name=\"your-graduation-year\"><option value=\"\">&#8212;L\u00fctfen bir se\u00e7enek se\u00e7in&#8212;<\/option><option value=\"2025\">2025<\/option><option value=\"2024\">2024<\/option><option value=\"2023\">2023<\/option><option value=\"2022\">2022<\/option><\/select><\/span><\/label><br \/>\n<input class=\"wpcf7-form-control wpcf7-submit has-spinner\" type=\"submit\" value=\"G\u00f6nder\" \/>\n<\/p><p style=\"display: none !important;\" class=\"akismet-fields-container\" data-prefix=\"_wpcf7_ak_\"><label>&#916;<textarea name=\"_wpcf7_ak_hp_textarea\" cols=\"45\" rows=\"8\" maxlength=\"100\"><\/textarea><\/label><input type=\"hidden\" id=\"ak_js_1\" name=\"_wpcf7_ak_js\" value=\"202\"\/><script>document.getElementById( \"ak_js_1\" ).setAttribute( \"value\", ( new Date() ).getTime() );<\/script><\/p><div class=\"wpcf7-response-output\" aria-hidden=\"true\"><\/div>\n<\/form>\n<\/div>\n<\/div>\n\t\t\t\t\t\t<\/div>\n\t\t\t\t<\/div>\n\t\t\t\t\t<\/div>\n\t\t<\/div>\n\t\t\t\t\t<\/div>\n\t\t<\/section>\n\t\t\t\t<\/div>\n\t\t","protected":false},"excerpt":{"rendered":"<p>Kariyer Anasayfa Kariyer Kariyer F\u0131rsatlar\u0131 | S\u00f6zenler Ah\u015fap Yap\u0131 S\u00f6zenler Ah\u015fap Yap\u0131&#8217;da kariyer f\u0131rsatlar\u0131n\u0131 ke\u015ffedin! Trabzon merkezli firmam\u0131zda ah\u015fap yap\u0131 sekt\u00f6r\u00fcnde yenilik\u00e7i projelere katk\u0131da bulunmak i\u00e7in ba\u015fvurun.<\/p>\n","protected":false},"author":1,"featured_media":0,"parent":0,"menu_order":0,"comment_status":"closed","ping_status":"closed","template":"page-templates\/pages.php","meta":{"inline_featured_image":false,"_monsterinsights_skip_tracking":false,"_monsterinsights_sitenote_active":false,"_monsterinsights_sitenote_note":"","_monsterinsights_sitenote_category":0,"footnotes":""},"class_list":["post-1531","page","type-page","status-publish","hentry"],"aioseo_notices":[],"_links":{"self":[{"href":"https:\/\/sozenlerahsap.com\/en\/wp-json\/wp\/v2\/pages\/1531","targetHints":{"allow":["GET"]}}],"collection":[{"href":"https:\/\/sozenlerahsap.com\/en\/wp-json\/wp\/v2\/pages"}],"about":[{"href":"https:\/\/sozenlerahsap.com\/en\/wp-json\/wp\/v2\/types\/page"}],"author":[{"embeddable":true,"href":"https:\/\/sozenlerahsap.com\/en\/wp-json\/wp\/v2\/users\/1"}],"replies":[{"embeddable":true,"href":"https:\/\/sozenlerahsap.com\/en\/wp-json\/wp\/v2\/comments?post=1531"}],"version-history":[{"count":11,"href":"https:\/\/sozenlerahsap.com\/en\/wp-json\/wp\/v2\/pages\/1531\/revisions"}],"predecessor-version":[{"id":2498,"href":"https:\/\/sozenlerahsap.com\/en\/wp-json\/wp\/v2\/pages\/1531\/revisions\/2498"}],"wp:attachment":[{"href":"https:\/\/sozenlerahsap.com\/en\/wp-json\/wp\/v2\/media?parent=1531"}],"curies":[{"name":"wp","href":"https:\/\/api.w.org\/{rel}","templated":true}]}}