{"id":3,"date":"2025-02-19T07:49:41","date_gmt":"2025-02-19T07:49:41","guid":{"rendered":"https:\/\/sozenlerahsap.com\/?page_id=3"},"modified":"2025-05-28T13:51:11","modified_gmt":"2025-05-28T13:51:11","slug":"privacy-policy","status":"publish","type":"page","link":"https:\/\/sozenlerahsap.com\/en\/privacy-policy\/","title":{"rendered":"Privacy Policy"},"content":{"rendered":"<!-- Biz Kimiz? -->\r\n<h2>Biz Kimiz?<\/h2>\r\n<p>Web sitemizin adresi: <a href=\"https:\/\/sozenlerahsap.com\" target=\"_blank\">https:\/\/sozenlerahsap.com<\/a><\/p>\r\n\r\n<!-- Yorumlar -->\r\n<h2>Yorumlar<\/h2>\r\n<p>Ziyaret\u00e7iler sitemize yorum yapt\u0131\u011f\u0131nda, yorum formunda g\u00f6sterilen verileri toplar\u0131z. Ayr\u0131ca spam tespitine yard\u0131mc\u0131 olmak amac\u0131yla ziyaret\u00e7inin IP adresi ve taray\u0131c\u0131 kullan\u0131c\u0131 arac\u0131s\u0131 bilgileri de toplan\u0131r.<\/p>\r\n<p>E-posta adresinizden olu\u015fturulan anonimle\u015ftirilmi\u015f bir dizi (hash) Gravatar hizmetine sa\u011flanabilir. Gravatar hizmetinin gizlilik politikas\u0131 buradan incelenebilir: <a href=\"https:\/\/automattic.com\/privacy\/\" target=\"_blank\">https:\/\/automattic.com\/privacy\/<\/a>. Yorumunuz onayland\u0131ktan sonra profil resminiz yorum ba\u011flam\u0131nda halka a\u00e7\u0131k olarak g\u00f6r\u00fcn\u00fcr.<\/p>\r\n\r\n<!-- Medya -->\r\n<h2>Medya<\/h2>\r\n<p>Web sitemize g\u00f6rsel y\u00fcklerseniz, g\u00f6m\u00fcl\u00fc konum verileri (EXIF GPS) i\u00e7eren g\u00f6rseller y\u00fcklemekten ka\u00e7\u0131nmal\u0131s\u0131n\u0131z. Web sitemizi ziyaret eden ki\u015filer, sitedeki g\u00f6rsellerden konum verilerini indirebilir ve bu bilgileri \u00e7\u0131karabilir.<\/p>\r\n\r\n<!-- \u00c7erezler -->\r\n<h2>\u00c7erezler<\/h2>\r\n<p>Sitemize yorum b\u0131rak\u0131rsan\u0131z, ad\u0131n\u0131z\u0131, e-posta adresinizi ve web sitenizi \u00e7erezlerde kaydetmeyi se\u00e7ebilirsiniz. Bu, ba\u015fka bir yorum yapt\u0131\u011f\u0131n\u0131zda bilgilerinizi tekrar doldurman\u0131z gerekmesin diye sa\u011flan\u0131r. Bu \u00e7erezler bir y\u0131l boyunca saklan\u0131r.<\/p>\r\n<p>Giri\u015f sayfam\u0131z\u0131 ziyaret ederseniz, taray\u0131c\u0131n\u0131z\u0131n \u00e7erezleri kabul edip etmedi\u011fini belirlemek i\u00e7in ge\u00e7ici bir \u00e7erez ayarlan\u0131r. Bu \u00e7erez hi\u00e7bir ki\u015fisel veri i\u00e7ermez ve taray\u0131c\u0131n\u0131z\u0131 kapatt\u0131\u011f\u0131n\u0131zda silinir.<\/p>\r\n<p>Giri\u015f yapt\u0131\u011f\u0131n\u0131zda, giri\u015f bilgileriniz ve ekran g\u00f6r\u00fcnt\u00fcleme tercihlerinizi kaydetmek i\u00e7in birka\u00e7 \u00e7erez de ayarlar\u0131z. Giri\u015f \u00e7erezleri iki g\u00fcn boyunca saklan\u0131r ve ekran se\u00e7enekleri \u00e7erezleri bir y\u0131l boyunca saklan\u0131r. &#8220;Beni Hat\u0131rla&#8221; se\u00e7ene\u011fini i\u015faretlerseniz, giri\u015f bilgileriniz iki hafta boyunca saklan\u0131r. Hesab\u0131n\u0131zdan \u00e7\u0131k\u0131\u015f yaparsan\u0131z, giri\u015f \u00e7erezleri kald\u0131r\u0131l\u0131r.<\/p>\r\n<p>Bir makale d\u00fczenler veya yay\u0131mlarsan\u0131z, taray\u0131c\u0131n\u0131zda ek bir \u00e7erez kaydedilir. Bu \u00e7erez, d\u00fczenledi\u011finiz makalenin g\u00f6nderi kimli\u011fini i\u00e7erir ve 1 g\u00fcn sonra sona erer.<\/p>\r\n\r\n<!-- Di\u011fer Web Sitelerinden G\u00f6m\u00fcl\u00fc \u0130\u00e7erikler -->\r\n<h2>Di\u011fer Web Sitelerinden G\u00f6m\u00fcl\u00fc \u0130\u00e7erikler<\/h2>\r\n<p>Bu sitedeki makaleler g\u00f6m\u00fcl\u00fc i\u00e7erikler (\u00f6rne\u011fin; videolar, g\u00f6rseller, makaleler vb.) i\u00e7erebilir. Di\u011fer web sitelerinden gelen g\u00f6m\u00fcl\u00fc i\u00e7erikler, ziyaret\u00e7inin ilgili web sitesini ziyaret etti\u011fi gibi ayn\u0131 \u015fekilde davran\u0131r.<\/p>\r\n<p>Bu web siteleri sizin hakk\u0131n\u0131zda veri toplayabilir, \u00e7erez kullanabilir, ek \u00fc\u00e7\u00fcnc\u00fc taraf izleme yerle\u015ftirebilir ve bu g\u00f6m\u00fcl\u00fc i\u00e7erikle etkile\u015fiminizi izleyebilir. Ayr\u0131ca bu web sitesinde bir hesab\u0131n\u0131z varsa ve oturum a\u00e7t\u0131ysan\u0131z, bu g\u00f6m\u00fcl\u00fc i\u00e7erikle olan etkile\u015fiminiz de izlenebilir.<\/p>\r\n\r\n<!-- Verilerinizi Kimlerle Payla\u015f\u0131yoruz? -->\r\n<h2>Verilerinizi Kimlerle Payla\u015f\u0131yoruz?<\/h2>\r\n<p>\u015eifre s\u0131f\u0131rlama talebinde bulunursan\u0131z, IP adresiniz s\u0131f\u0131rlama e-postas\u0131nda yer al\u0131r.<\/p>\r\n<p>Verileriniz 3. ki\u015filerle payla\u015f\u0131lmamaktad\u0131r. Yasal s\u00fcre\u00e7ler i\u00e7erisinde yasal mercilerin yasal bilgi talebi do\u011frultusunda payla\u015f\u0131m yap\u0131labilir.<\/p>\r\n\r\n<!-- Verilerinizi Ne Kadar S\u00fcreyle Saklar\u0131z? -->\r\n<h2>Verilerinizi Ne Kadar S\u00fcreyle Saklar\u0131z?<\/h2>\r\n<p>Bir yorum b\u0131rak\u0131rsan\u0131z, yorum ve meta verileri s\u00fcresiz olarak saklan\u0131r. Bu, takip eden yorumlar\u0131 otomatik olarak tan\u0131yabilmemiz ve onaylayabilmemiz i\u00e7in yap\u0131l\u0131r.<\/p>\r\n<p>Web sitemize kaydolan kullan\u0131c\u0131lar (varsa), sa\u011flad\u0131klar\u0131 ki\u015fisel bilgileri kendi kullan\u0131c\u0131 profillerinde saklar\u0131z. T\u00fcm kullan\u0131c\u0131lar ki\u015fisel bilgilerini istedikleri zaman g\u00f6rebilir, d\u00fczenleyebilir veya silebilir (kullan\u0131c\u0131 adlar\u0131n\u0131 de\u011fi\u015ftiremeleri hari\u00e7). Web sitesi y\u00f6neticileri de bu bilgileri g\u00f6rebilir ve d\u00fczenleyebilir.<\/p>\r\n\r\n<!-- Verileriniz \u00dczerindeki Haklar\u0131n\u0131z -->\r\n<h2>Verileriniz \u00dczerindeki Haklar\u0131n\u0131z<\/h2>\r\n<p>Bu sitede bir hesab\u0131n\u0131z veya yorumlar\u0131n\u0131z varsa, hakk\u0131n\u0131zda tuttu\u011fumuz ki\u015fisel verileri i\u00e7eren bir dosyan\u0131n d\u0131\u015fa aktar\u0131lmas\u0131n\u0131 talep edebilirsiniz. Ayr\u0131ca hakk\u0131n\u0131zda saklad\u0131\u011f\u0131m\u0131z t\u00fcm ki\u015fisel verileri silmemizi de talep edebilirsiniz. Bu, idari, yasal veya g\u00fcvenlik ama\u00e7lar\u0131 i\u00e7in tutmam\u0131z gereken verileri i\u00e7ermez.<\/p>\r\n\r\n<!-- Verileriniz Nereye G\u00f6nderilir? -->\r\n<h2>Verileriniz Nereye G\u00f6nderilir?<\/h2>\r\n<p>Ziyaret\u00e7i yorumlar\u0131, otomatik bir spam tespit hizmeti arac\u0131l\u0131\u011f\u0131yla kontrol edilebilir.<\/p>\r\n","protected":false},"excerpt":{"rendered":"<p>Biz Kimiz? Web sitemizin adresi: https:\/\/sozenlerahsap.com Yorumlar Ziyaret\u00e7iler sitemize yorum yapt\u0131\u011f\u0131nda, yorum formunda g\u00f6sterilen verileri toplar\u0131z. Ayr\u0131ca spam tespitine yard\u0131mc\u0131 olmak amac\u0131yla ziyaret\u00e7inin IP adresi ve taray\u0131c\u0131 kullan\u0131c\u0131 arac\u0131s\u0131 bilgileri de toplan\u0131r. E-posta adresinizden olu\u015fturulan anonimle\u015ftirilmi\u015f bir dizi (hash) Gravatar hizmetine sa\u011flanabilir. Gravatar hizmetinin gizlilik politikas\u0131 buradan incelenebilir: https:\/\/automattic.com\/privacy\/. Yorumunuz onayland\u0131ktan sonra profil resminiz yorum [&hellip;]<\/p>\n","protected":false},"author":1,"featured_media":0,"parent":0,"menu_order":0,"comment_status":"closed","ping_status":"closed","template":"","meta":{"inline_featured_image":false,"_monsterinsights_skip_tracking":false,"_monsterinsights_sitenote_active":false,"_monsterinsights_sitenote_note":"","_monsterinsights_sitenote_category":0,"footnotes":""},"class_list":["post-3","page","type-page","status-publish","hentry"],"aioseo_notices":[],"_links":{"self":[{"href":"https:\/\/sozenlerahsap.com\/en\/wp-json\/wp\/v2\/pages\/3","targetHints":{"allow":["GET"]}}],"collection":[{"href":"https:\/\/sozenlerahsap.com\/en\/wp-json\/wp\/v2\/pages"}],"about":[{"href":"https:\/\/sozenlerahsap.com\/en\/wp-json\/wp\/v2\/types\/page"}],"author":[{"embeddable":true,"href":"https:\/\/sozenlerahsap.com\/en\/wp-json\/wp\/v2\/users\/1"}],"replies":[{"embeddable":true,"href":"https:\/\/sozenlerahsap.com\/en\/wp-json\/wp\/v2\/comments?post=3"}],"version-history":[{"count":2,"href":"https:\/\/sozenlerahsap.com\/en\/wp-json\/wp\/v2\/pages\/3\/revisions"}],"predecessor-version":[{"id":2501,"href":"https:\/\/sozenlerahsap.com\/en\/wp-json\/wp\/v2\/pages\/3\/revisions\/2501"}],"wp:attachment":[{"href":"https:\/\/sozenlerahsap.com\/en\/wp-json\/wp\/v2\/media?parent=3"}],"curies":[{"name":"wp","href":"https:\/\/api.w.org\/{rel}","templated":true}]}}