{"id":414,"date":"2023-08-29T09:18:36","date_gmt":"2023-08-29T09:18:36","guid":{"rendered":"https:\/\/shtheme.com\/demosd\/interiorarcwp\/?page_id=414"},"modified":"2025-05-28T13:27:12","modified_gmt":"2025-05-28T13:27:12","slug":"faq-page","status":"publish","type":"page","link":"https:\/\/sozenlerahsap.com\/en\/faq-page\/","title":{"rendered":"FAQ"},"content":{"rendered":"\t\t<div data-elementor-type=\"wp-page\" data-elementor-id=\"414\" class=\"elementor elementor-414\">\n\t\t\t\t\t\t<section class=\"elementor-section elementor-top-section elementor-element elementor-element-0f21e9e elementor-section-full_width elementor-section-height-default elementor-section-height-default\" data-id=\"0f21e9e\" data-element_type=\"section\">\n\t\t\t\t\t\t<div class=\"elementor-container elementor-column-gap-no\">\n\t\t\t\t\t<div class=\"elementor-column elementor-col-100 elementor-top-column elementor-element elementor-element-d62152b\" data-id=\"d62152b\" data-element_type=\"column\">\n\t\t\t<div class=\"elementor-widget-wrap elementor-element-populated\">\n\t\t\t\t\t\t<div class=\"elementor-element elementor-element-52e0d8d elementor-align-left elementor-widget elementor-widget-pages-header\" data-id=\"52e0d8d\" data-element_type=\"widget\" data-widget_type=\"pages-header.default\">\n\t\t\t\t<div class=\"elementor-widget-container\">\n\t\t\t\t\t\r\n\t\t\t\t<section class=\"page-title\" style=\"background-image: url(https:\/\/shtheme.com\/demosd\/interiorarcwp\/wp-content\/uploads\/2023\/08\/page-title.jpg);\r\n\t    background-size: cover;\r\n\t    background-repeat: no-repeat;\r\n\t    background-position: center center;\">\r\n   \t\t            <div class=\"container\">\r\n                <div class=\"row\">\r\n                    <div class=\"col-xs-12\">\r\n                    \t                        <h2>Frequently Asked Questions<\/h2>\r\n                                                <ol class=\"breadcrumb\">\r\n                        \t                            <li><a href=\"FAQ\">Home<\/a><\/li>\r\n                                                                                    <li>FAQ<\/li>\r\n                                                    <\/ol>\r\n                    <\/div>\r\n                <\/div>\r\n            <\/div>\r\n        <\/section>\r\n\r\n\t\t\t\t\t<\/div>\n\t\t\t\t<\/div>\n\t\t\t\t\t<\/div>\n\t\t<\/div>\n\t\t\t\t\t<\/div>\n\t\t<\/section>\n\t\t\t\t<section class=\"elementor-section elementor-top-section elementor-element elementor-element-5abf9bc elementor-section-full_width elementor-section-height-default elementor-section-height-default\" data-id=\"5abf9bc\" data-element_type=\"section\">\n\t\t\t\t\t\t<div class=\"elementor-container elementor-column-gap-no\">\n\t\t\t\t\t<div class=\"elementor-column elementor-col-100 elementor-top-column elementor-element elementor-element-ebd504d\" data-id=\"ebd504d\" data-element_type=\"column\">\n\t\t\t<div class=\"elementor-widget-wrap elementor-element-populated\">\n\t\t\t\t\t\t<div class=\"elementor-element elementor-element-967e829 elementor-align-left elementor-widget elementor-widget-pages-FAQ\" data-id=\"967e829\" data-element_type=\"widget\" data-widget_type=\"pages-FAQ.default\">\n\t\t\t\t<div class=\"elementor-widget-container\">\n\t\t\t\t\t\r\n\t\t<section class=\"faq-section pagetoppadd\">\r\n            <div class=\"container\">\r\n                <div class=\"row\">\r\n                    <div class=\"col-md-9\">\r\n                        <div class=\"faq-style\">\r\n                            <div class=\"panel-group\" id=\"accordion\" role=\"tablist\" aria-multiselectable=\"true\">\r\n                            \t\t                            \t\t\t                                <div class=\"panel active\">\r\n\t\t                                    <div class=\"faq-header\">\r\n\t\t                                    \t\t\t                                        <h4 class=\"faq-title\">\r\n\t\t\t\t\t\t\t\t\t\t\t\t\t<a class=\"\" data-toggle=\"collapse\" data-parent=\"#accordion\" href=\"#faq1\" aria-expanded=\"true\">1. S\u00f6zenler Ah\u015fap Yap\u0131 hangi alanlarda hizmet vermektedir?<\/a>\r\n\t\t\t\t\t\t\t\t\t\t\t\t<\/h4>\r\n\t\t\t\t\t\t\t\t\t\t\t\t\t\t                                    <\/div>\r\n\t\t                                    \t\t                                    <div id=\"faq1\" class=\"panel-collapse collapse in\" role=\"tabpanel\">\r\n\t\t                                        <div class=\"faq-body\">S\u00f6zenler Ah\u015fap Yap\u0131 olarak; <b>in\u015faatl\u0131k ve \u00e7at\u0131l\u0131k kereste, do\u011framal\u0131k kereste, lambri, d\u00f6\u015feme, tavan tahtas\u0131, palet, sand\u0131k, kap\u0131 sereni, masif panel <\/b>ve<b> lamine ah\u015fap <\/b>gibi geni\u015f \u00fcr\u00fcn yelpazemizle hizmet veriyoruz.<\/div>\r\n\t\t                                    <\/div>\r\n\t\t                                    \t\t                                <\/div>\r\n\t                                                                \t                            \t\t\t                                <div class=\"panel\">\r\n\t\t                                    <div class=\"faq-header\">\r\n\t\t                                    \t\t\t                                        <h4 class=\"faq-title\">\r\n\t\t\t\t\t\t\t\t\t\t\t\t\t<a class=\"collapsed\" data-toggle=\"collapse\" data-parent=\"#accordion\" href=\"#faq2\" aria-expanded=\"false\">2. Trabzon d\u0131\u015f\u0131nda hizmet veriyor musunuz?<\/a>\r\n\t\t\t\t\t\t\t\t\t\t\t\t<\/h4>\r\n\t\t\t\t\t\t\t\t\t\t\t\t\t\t                                    <\/div>\r\n\t\t                                    \t\t                                    <div id=\"faq2\" class=\"panel-collapse collapse\" role=\"tabpanel\">\r\n\t\t                                        <div class=\"faq-body\">Evet,  <b>Trabzon merkezli <\/b> firmam\u0131z, <b>Karadeniz<\/b> ba\u015fta olmak \u00fczere <b>\u0130stanbul, Ankara, \u0130zmir <\/b>gibi b\u00fcy\u00fck \u015fehirler dahil <b>T\u00fcrkiye\u2019nin her b\u00f6lgesine<\/b> hizmet vermektedir.<\/div>\r\n\t\t                                    <\/div>\r\n\t\t                                    \t\t                                <\/div>\r\n\t                                                                \t                            \t\t\t                                <div class=\"panel\">\r\n\t\t                                    <div class=\"faq-header\">\r\n\t\t                                    \t\t\t                                        <h4 class=\"faq-title\">\r\n\t\t\t\t\t\t\t\t\t\t\t\t\t<a class=\"collapsed\" data-toggle=\"collapse\" data-parent=\"#accordion\" href=\"#faq3\" aria-expanded=\"false\">3. Emprenye i\u015flemi nedir ve neden \u00f6nemlidir?<\/a>\r\n\t\t\t\t\t\t\t\t\t\t\t\t<\/h4>\r\n\t\t\t\t\t\t\t\t\t\t\t\t\t\t                                    <\/div>\r\n\t\t                                    \t\t                                    <div id=\"faq3\" class=\"panel-collapse collapse\" role=\"tabpanel\">\r\n\t\t                                        <div class=\"faq-body\"><b>Emprenye i\u015flemi, <\/b> ah\u015fab\u0131n b\u00f6ceklenme, \u00e7\u00fcr\u00fcme ve mantar gibi d\u0131\u015f etkenlere kar\u015f\u0131 korunmas\u0131n\u0131 sa\u011flar. Bu i\u015flem sayesinde ah\u015fap \u00fcr\u00fcnlerin \u00f6mr\u00fc uzar ve dayan\u0131kl\u0131l\u0131\u011f\u0131 art\u0131r\u0131l\u0131r.<\/div>\r\n\t\t                                    <\/div>\r\n\t\t                                    \t\t                                <\/div>\r\n\t                                                                \t                            \t\t\t                                <div class=\"panel\">\r\n\t\t                                    <div class=\"faq-header\">\r\n\t\t                                    \t\t\t                                        <h4 class=\"faq-title\">\r\n\t\t\t\t\t\t\t\t\t\t\t\t\t<a class=\"collapsed\" data-toggle=\"collapse\" data-parent=\"#accordion\" href=\"#faq4\" aria-expanded=\"false\">4. ISPM 15 sertifikal\u0131 palet nedir?<\/a>\r\n\t\t\t\t\t\t\t\t\t\t\t\t<\/h4>\r\n\t\t\t\t\t\t\t\t\t\t\t\t\t\t                                    <\/div>\r\n\t\t                                    \t\t                                    <div id=\"faq4\" class=\"panel-collapse collapse\" role=\"tabpanel\">\r\n\t\t                                        <div class=\"faq-body\"><b>ISPM 15 sertifikas\u0131,<\/b>  ah\u015fap ambalaj malzemelerinin uluslararas\u0131 ta\u015f\u0131mac\u0131l\u0131kta kullan\u0131labilmesi i\u00e7in gereken bir belgedir. Paletlerimiz, bu sertifikaya uygun olarak \u00fcretilmekte ve d\u00fcnya standartlar\u0131nda g\u00fcvenli kullan\u0131m sa\u011flamaktad\u0131r.<\/div>\r\n\t\t                                    <\/div>\r\n\t\t                                    \t\t                                <\/div>\r\n\t                                                                \t                            \t\t\t                                <div class=\"panel\">\r\n\t\t                                    <div class=\"faq-header\">\r\n\t\t                                    \t\t\t                                        <h4 class=\"faq-title\">\r\n\t\t\t\t\t\t\t\t\t\t\t\t\t<a class=\"collapsed\" data-toggle=\"collapse\" data-parent=\"#accordion\" href=\"#faq5\" aria-expanded=\"false\">5. Finger joint y\u00f6ntemi nedir ve hangi \u00fcr\u00fcnlerde kullan\u0131l\u0131r?<\/a>\r\n\t\t\t\t\t\t\t\t\t\t\t\t<\/h4>\r\n\t\t\t\t\t\t\t\t\t\t\t\t\t\t                                    <\/div>\r\n\t\t                                    \t\t                                    <div id=\"faq5\" class=\"panel-collapse collapse\" role=\"tabpanel\">\r\n\t\t                                        <div class=\"faq-body\"><b>Finger joint <\/b>(parmak ekleme) y\u00f6ntemi, k\u00fc\u00e7\u00fck ah\u015fap par\u00e7alar\u0131n\u0131n \u00f6zel kesimlerle birbirine eklenerek daha dayan\u0131kl\u0131 ve stabil hale getirilmesidir. Bu y\u00f6ntem \u00f6zellikle <b>masif panel ve lamine ah\u015fap <\/b>\u00fcretiminde kullan\u0131l\u0131r.<\/div>\r\n\t\t                                    <\/div>\r\n\t\t                                    \t\t                                <\/div>\r\n\t                                                                \t                            \t\t\t                                <div class=\"panel\">\r\n\t\t                                    <div class=\"faq-header\">\r\n\t\t                                    \t\t\t                                        <h4 class=\"faq-title\">\r\n\t\t\t\t\t\t\t\t\t\t\t\t\t<a class=\"collapsed\" data-toggle=\"collapse\" data-parent=\"#accordion\" href=\"#faq6\" aria-expanded=\"false\">6. Sipari\u015f s\u00fcreciniz nas\u0131l i\u015fliyor?<\/a>\r\n\t\t\t\t\t\t\t\t\t\t\t\t<\/h4>\r\n\t\t\t\t\t\t\t\t\t\t\t\t\t\t                                    <\/div>\r\n\t\t                                    \t\t                                    <div id=\"faq6\" class=\"panel-collapse collapse\" role=\"tabpanel\">\r\n\t\t                                        <div class=\"faq-body\">Sipari\u015f s\u00fcrecimiz; m\u00fc\u015fteri taleplerinin al\u0131nmas\u0131yla ba\u015flar. \u00dcr\u00fcn se\u00e7imi, \u00fcretim ve sevkiyat a\u015famalar\u0131 titizlikle y\u00fcr\u00fct\u00fcl\u00fcr. Detayl\u0131 bilgi i\u00e7in <a href=\"https:\/\/sozenlerahsap.com\/hizmetlerimiz\/\"><strong>Hizmetlerimiz<\/strong><\/a> sayfam\u0131za g\u00f6z atabilirsiniz.<\/div>\r\n\t\t                                    <\/div>\r\n\t\t                                    \t\t                                <\/div>\r\n\t                                                                \t                            \t\t\t                                <div class=\"panel\">\r\n\t\t                                    <div class=\"faq-header\">\r\n\t\t                                    \t\t\t                                        <h4 class=\"faq-title\">\r\n\t\t\t\t\t\t\t\t\t\t\t\t\t<a class=\"collapsed\" data-toggle=\"collapse\" data-parent=\"#accordion\" href=\"#faq7\" aria-expanded=\"false\">7. S\u00f6zenler Ah\u015fap Yap\u0131'ya nas\u0131l ula\u015fabilirim?<\/a>\r\n\t\t\t\t\t\t\t\t\t\t\t\t<\/h4>\r\n\t\t\t\t\t\t\t\t\t\t\t\t\t\t                                    <\/div>\r\n\t\t                                    \t\t                                    <div id=\"faq7\" class=\"panel-collapse collapse\" role=\"tabpanel\">\r\n\t\t                                        <div class=\"faq-body\">Bizimle ileti\u015fime ge\u00e7mek i\u00e7in <a href=\"https:\/\/sozenlerahsap.com\/iletisim\/\"><b>ileti\u015fim sayfam\u0131z\u0131<\/b><\/a> ziyaret edebilir veya do\u011frudan telefon ve e-posta yoluyla bize ula\u015fabilirsiniz.<\/div>\r\n\t\t                                    <\/div>\r\n\t\t                                    \t\t                                <\/div>\r\n\t                                                                                            <\/div>\r\n                        <\/div>\r\n                    <\/div>\r\n                    <div class=\"col-md-3\">\r\n                    \t                        <h2>Sorular\u0131n\u0131z\u0131 Burada Sorun<\/h2>\r\n                                                                        \n<div class=\"wpcf7 no-js\" id=\"wpcf7-f426-o1\" lang=\"en-US\" dir=\"ltr\" data-wpcf7-id=\"426\">\n<div class=\"screen-reader-response\"><p role=\"status\" aria-live=\"polite\" aria-atomic=\"true\"><\/p> <ul><\/ul><\/div>\n<form action=\"\/en\/wp-json\/wp\/v2\/pages\/414#wpcf7-f426-o1\" method=\"post\" class=\"wpcf7-form init\" aria-label=\"Contact form\" novalidate=\"novalidate\" data-status=\"init\">\n<fieldset class=\"hidden-fields-container\"><input type=\"hidden\" name=\"_wpcf7\" value=\"426\" \/><input type=\"hidden\" name=\"_wpcf7_version\" value=\"6.1.4\" \/><input type=\"hidden\" name=\"_wpcf7_locale\" value=\"en_US\" \/><input type=\"hidden\" name=\"_wpcf7_unit_tag\" value=\"wpcf7-f426-o1\" \/><input type=\"hidden\" name=\"_wpcf7_container_post\" value=\"0\" \/><input type=\"hidden\" name=\"_wpcf7_posted_data_hash\" value=\"\" \/>\n<\/fieldset>\n<div id=\"contact-form\" class=\"contact-form faq-form\">\n\t<div class=\"row clearfix\">\n\t\t<div class=\"col-md-12\">\n\t\t\t<div class=\"form-group\">\n\t\t\t\t<p><span class=\"wpcf7-form-control-wrap\" data-name=\"your-name\"><input size=\"40\" maxlength=\"400\" class=\"wpcf7-form-control wpcf7-text\" aria-invalid=\"false\" placeholder=\"Name*\" value=\"\" type=\"text\" name=\"your-name\" \/><\/span>\n\t\t\t\t<\/p>\n\t\t\t<\/div>\n\t\t<\/div>\n\t\t<div class=\"col-md-12\">\n\t\t\t<div class=\"form-group\">\n\t\t\t\t<p><span class=\"wpcf7-form-control-wrap\" data-name=\"your-email\"><input size=\"40\" maxlength=\"400\" class=\"wpcf7-form-control wpcf7-email wpcf7-validates-as-required wpcf7-text wpcf7-validates-as-email\" aria-required=\"true\" aria-invalid=\"false\" placeholder=\"Email*\" value=\"\" type=\"email\" name=\"your-email\" \/><\/span>\n\t\t\t\t<\/p>\n\t\t\t<\/div>\n\t\t<\/div>\n\t\t<div class=\"col-md-12\">\n\t\t\t<div class=\"form-group\">\n\t\t\t\t<p><span class=\"wpcf7-form-control-wrap\" data-name=\"your-subject\"><input size=\"40\" maxlength=\"400\" class=\"wpcf7-form-control wpcf7-text\" aria-invalid=\"false\" placeholder=\"Subject*\" value=\"\" type=\"text\" name=\"your-subject\" \/><\/span>\n\t\t\t\t<\/p>\n\t\t\t<\/div>\n\t\t<\/div>\n\t\t<div class=\"col-md-12\">\n\t\t\t<div class=\"form-group\">\n\t\t\t\t<p><span class=\"wpcf7-form-control-wrap\" data-name=\"your-message\"><textarea cols=\"40\" rows=\"10\" maxlength=\"2000\" class=\"wpcf7-form-control wpcf7-textarea\" aria-invalid=\"false\" placeholder=\"Your Questions...\" name=\"your-message\"><\/textarea><\/span>\n\t\t\t\t<\/p>\n\t\t\t<\/div>\n\t\t\t<div class=\"overbtn\">\n\t\t\t\t<p><input class=\"wpcf7-form-control wpcf7-submit has-spinner btn-style1\" type=\"submit\" value=\"SEND\" \/>\n\t\t\t\t<\/p>\n\t\t\t<\/div>\n\t\t<\/div>\n\t<\/div>\n<\/div><p style=\"display: none !important;\" class=\"akismet-fields-container\" data-prefix=\"_wpcf7_ak_\"><label>&#916;<textarea name=\"_wpcf7_ak_hp_textarea\" cols=\"45\" rows=\"8\" maxlength=\"100\"><\/textarea><\/label><input type=\"hidden\" id=\"ak_js_1\" name=\"_wpcf7_ak_js\" value=\"141\"\/><script>document.getElementById( \"ak_js_1\" ).setAttribute( \"value\", ( new Date() ).getTime() );<\/script><\/p><div class=\"wpcf7-response-output\" aria-hidden=\"true\"><\/div>\n<\/form>\n<\/div>\n                                            <\/div>\r\n                <\/div>\r\n            <\/div>\r\n        <\/section>\r\n\r\n\t\t\t\t\t<\/div>\n\t\t\t\t<\/div>\n\t\t\t\t\t<\/div>\n\t\t<\/div>\n\t\t\t\t\t<\/div>\n\t\t<\/section>\n\t\t\t\t<\/div>\n\t\t","protected":false},"excerpt":{"rendered":"<p>Frequently Asked Questions Home FAQ 1. S\u00f6zenler Ah\u015fap Yap\u0131 hangi alanlarda hizmet vermektedir? S\u00f6zenler Ah\u015fap Yap\u0131 olarak; in\u015faatl\u0131k ve \u00e7at\u0131l\u0131k kereste, do\u011framal\u0131k kereste, lambri, d\u00f6\u015feme, tavan tahtas\u0131, palet, sand\u0131k, kap\u0131 sereni, masif panel ve lamine ah\u015fap gibi geni\u015f \u00fcr\u00fcn yelpazemizle hizmet veriyoruz. 2. Trabzon d\u0131\u015f\u0131nda hizmet veriyor musunuz? Evet, Trabzon merkezli firmam\u0131z, Karadeniz ba\u015fta olmak [&hellip;]<\/p>\n","protected":false},"author":1,"featured_media":0,"parent":0,"menu_order":0,"comment_status":"closed","ping_status":"closed","template":"page-templates\/pages.php","meta":{"inline_featured_image":false,"_monsterinsights_skip_tracking":false,"_monsterinsights_sitenote_active":false,"_monsterinsights_sitenote_note":"","_monsterinsights_sitenote_category":0,"footnotes":""},"class_list":["post-414","page","type-page","status-publish","hentry"],"aioseo_notices":[],"_links":{"self":[{"href":"https:\/\/sozenlerahsap.com\/en\/wp-json\/wp\/v2\/pages\/414","targetHints":{"allow":["GET"]}}],"collection":[{"href":"https:\/\/sozenlerahsap.com\/en\/wp-json\/wp\/v2\/pages"}],"about":[{"href":"https:\/\/sozenlerahsap.com\/en\/wp-json\/wp\/v2\/types\/page"}],"author":[{"embeddable":true,"href":"https:\/\/sozenlerahsap.com\/en\/wp-json\/wp\/v2\/users\/1"}],"replies":[{"embeddable":true,"href":"https:\/\/sozenlerahsap.com\/en\/wp-json\/wp\/v2\/comments?post=414"}],"version-history":[{"count":8,"href":"https:\/\/sozenlerahsap.com\/en\/wp-json\/wp\/v2\/pages\/414\/revisions"}],"predecessor-version":[{"id":2494,"href":"https:\/\/sozenlerahsap.com\/en\/wp-json\/wp\/v2\/pages\/414\/revisions\/2494"}],"wp:attachment":[{"href":"https:\/\/sozenlerahsap.com\/en\/wp-json\/wp\/v2\/media?parent=414"}],"curies":[{"name":"wp","href":"https:\/\/api.w.org\/{rel}","templated":true}]}}