{"id":558,"date":"2023-09-07T06:55:07","date_gmt":"2023-09-07T06:55:07","guid":{"rendered":"https:\/\/shtheme.com\/demosd\/interiorarcwp\/?page_id=558"},"modified":"2025-06-02T12:26:43","modified_gmt":"2025-06-02T12:26:43","slug":"our-projects","status":"publish","type":"page","link":"https:\/\/sozenlerahsap.com\/en\/our-projects\/","title":{"rendered":"Our Projects"},"content":{"rendered":"\t\t<div data-elementor-type=\"wp-page\" data-elementor-id=\"558\" class=\"elementor elementor-558\">\n\t\t\t\t\t\t<section class=\"elementor-section elementor-top-section elementor-element elementor-element-e41153a elementor-section-full_width elementor-section-height-default elementor-section-height-default\" data-id=\"e41153a\" data-element_type=\"section\">\n\t\t\t\t\t\t<div class=\"elementor-container elementor-column-gap-no\">\n\t\t\t\t\t<div class=\"elementor-column elementor-col-100 elementor-top-column elementor-element elementor-element-2fdc9f9\" data-id=\"2fdc9f9\" data-element_type=\"column\">\n\t\t\t<div class=\"elementor-widget-wrap elementor-element-populated\">\n\t\t\t\t\t\t<div class=\"elementor-element elementor-element-2edf46c elementor-align-center elementor-widget elementor-widget-pages-header\" data-id=\"2edf46c\" data-element_type=\"widget\" data-widget_type=\"pages-header.default\">\n\t\t\t\t<div class=\"elementor-widget-container\">\n\t\t\t\t\t\r\n\t\t\t\t<section class=\"page-title\" style=\"background-image: url(https:\/\/sozenlerahsap.com\/wp-content\/uploads\/2025\/03\/projelerimiz-banner-scaled.jpg);\r\n\t    background-size: cover;\r\n\t    background-repeat: no-repeat;\r\n\t    background-position: center center;\">\r\n   \t\t            <div class=\"container\">\r\n                <div class=\"row\">\r\n                    <div class=\"col-xs-12\">\r\n                    \t                        <h2>Our Projects<\/h2>\r\n                                                <ol class=\"breadcrumb\">\r\n                        \t                            <li><a href=\"https:\/\/sozenlerahsap.com\/\">Home<\/a><\/li>\r\n                                                                                    <li>Completed Projects<\/li>\r\n                                                    <\/ol>\r\n                    <\/div>\r\n                <\/div>\r\n            <\/div>\r\n        <\/section>\r\n\r\n\t\t\t\t\t<\/div>\n\t\t\t\t<\/div>\n\t\t\t\t\t<\/div>\n\t\t<\/div>\n\t\t\t\t\t<\/div>\n\t\t<\/section>\n\t\t\t\t<section class=\"elementor-section elementor-top-section elementor-element elementor-element-d483fa7 elementor-section-full_width elementor-section-height-default elementor-section-height-default\" data-id=\"d483fa7\" data-element_type=\"section\">\n\t\t\t\t\t\t<div class=\"elementor-container elementor-column-gap-no\">\n\t\t\t\t\t<div class=\"elementor-column elementor-col-100 elementor-top-column elementor-element elementor-element-62530e3\" data-id=\"62530e3\" data-element_type=\"column\">\n\t\t\t<div class=\"elementor-widget-wrap elementor-element-populated\">\n\t\t\t\t\t\t<div class=\"elementor-element elementor-element-d08c5df elementor-align-center elementor-widget elementor-widget-pages-project\" data-id=\"d08c5df\" data-element_type=\"widget\" data-widget_type=\"pages-project.default\">\n\t\t\t\t<div class=\"elementor-widget-container\">\n\t\t\t\t\t\r\n\t\t<section class=\"gallery-section gallery-style-4 pagetoppadd\">\r\n\t\t\t<div class=\"gallry-container cleafix\">\r\n\r\n\t\t\t\t<div class=\"projects-gallery\">\r\n\r\n\t\t\t\t\t<!--Filter-->\r\n\t\t\t\t\t<div class=\"filters text-center\">\r\n\t\t\t\t\t\t<ul class=\"post-filter list-inline\">\r\n\t\t\t\t\t\t\t<li class=\"active\" data-filter=\"*\">\r\n\t\t\t\t\t\t\t\t<span>View All<\/span>\r\n\t\t\t\t\t\t\t<\/li>\r\n\t\t\t\t\t\t\t\t\t\t\t\t\t\t\t<li data-filter=\".building-decoration-restoration\">\r\n\t\t\t\t\t\t\t\t\t<span>Building Decoration - Restoration<\/span>\r\n\t\t\t\t\t\t\t\t<\/li>\r\n\r\n\t\t\t\t\t\t\t\t\t\t\t\t\t\t\t<li data-filter=\".park-and-garden\">\r\n\t\t\t\t\t\t\t\t\t<span>Park and Garden<\/span>\r\n\t\t\t\t\t\t\t\t<\/li>\r\n\r\n\t\t\t\t\t\t\t\t\t\t\t\t\t\t\t<li data-filter=\".wooden-house\">\r\n\t\t\t\t\t\t\t\t\t<span>Wooden House<\/span>\r\n\t\t\t\t\t\t\t\t<\/li>\r\n\r\n\t\t\t\t\t\t\t\t\t\t\t\t\t<\/ul>\r\n\t\t\t\t\t<\/div>\r\n\t\t\t\t\t<div class=\"clearfix\"><\/div>\r\n\t\t\t\t\t<!--Filter List-->\r\n\t\t\t\t\t<div class=\"filter-list row  clearfix\">\r\n\r\n\t\t\t\t\t\t\t\t\t\t\t\t\t\t\t\t\t\t\t\t<div class=\"gallery-item col-md-6 col-sm-6 col-xs-12 park-and-garden wooden-house \">\r\n\t\t\t\t\t\t\t\t\t\t\t\t\t\t\t<div class=\"gallery_box\">\r\n\t\t\t\t\t\t\t\t\t<div class=\"gallry_wrp\">\r\n\t\t\t\t\t\t\t\t\t\t<img decoding=\"async\" src=\"https:\/\/sozenlerahsap.com\/en\/wp-content\/uploads\/2023\/08\/1-4.jpg\" alt=\"\">\r\n\t\t\t\t\t\t\t\t\t\t<div class=\"gallery_info\">\r\n\t\t\t\t\t\t\t\t\t\t\t<h4 class=\"heading\"><a href=\"https:\/\/sozenlerahsap.com\/en\/project\/kasustu-republic-park\/\">Ka\u015f\u00fcst\u00fc Republic Park<\/a><\/h4>\r\n\t\t\t\t\t\t\t\t\t\t\t<p>Wooden House\r\n<\/p>\r\n\t\t\t\t\t\t\t\t\t\t<\/div>\r\n\t\t\t\t\t\t\t\t\t\t<ul class=\"link_icons\">\r\n\t\t\t\t\t\t\t\t\t\t\t<li><a class=\"lightbox-image\" data-fancybox-group=\"example-gallery\" href=\"https:\/\/sozenlerahsap.com\/en\/wp-content\/uploads\/2023\/08\/1-4.jpg\"><i class=\"fa fa-search-plus\" aria-hidden=\"true\"><\/i><\/a><\/li>\r\n\t\t\t\t\t\t\t\t\t\t<\/ul>\r\n\t\t\t\t\t\t\t\t\t<\/div>\r\n\t\t\t\t\t\t\t\t<\/div>\r\n\t\t\t\t\t\t\t<\/div>\r\n\t\t\t\t\t\t\t\t\t\t\t\t\t\t\t\t\t\t\t\t<div class=\"gallery-item col-md-6 col-sm-6 col-xs-12 building-decoration-restoration \">\r\n\t\t\t\t\t\t\t\t\t\t\t\t\t\t\t<div class=\"gallery_box\">\r\n\t\t\t\t\t\t\t\t\t<div class=\"gallry_wrp\">\r\n\t\t\t\t\t\t\t\t\t\t<img decoding=\"async\" src=\"https:\/\/sozenlerahsap.com\/en\/wp-content\/uploads\/2023\/08\/9-3.jpg\" alt=\"\">\r\n\t\t\t\t\t\t\t\t\t\t<div class=\"gallery_info\">\r\n\t\t\t\t\t\t\t\t\t\t\t<h4 class=\"heading\"><a href=\"https:\/\/sozenlerahsap.com\/en\/project\/avanos-historical-stone-bridge\/\">Avanos Historical Stone Bridge<\/a><\/h4>\r\n\t\t\t\t\t\t\t\t\t\t\t<p>Avanos Historical Stone Bridge<\/p>\r\n\t\t\t\t\t\t\t\t\t\t<\/div>\r\n\t\t\t\t\t\t\t\t\t\t<ul class=\"link_icons\">\r\n\t\t\t\t\t\t\t\t\t\t\t<li><a class=\"lightbox-image\" data-fancybox-group=\"example-gallery\" href=\"https:\/\/sozenlerahsap.com\/en\/wp-content\/uploads\/2023\/08\/9-3.jpg\"><i class=\"fa fa-search-plus\" aria-hidden=\"true\"><\/i><\/a><\/li>\r\n\t\t\t\t\t\t\t\t\t\t<\/ul>\r\n\t\t\t\t\t\t\t\t\t<\/div>\r\n\t\t\t\t\t\t\t\t<\/div>\r\n\t\t\t\t\t\t\t<\/div>\r\n\t\t\t\t\t\t\t\t\t\t\t\t\t\t\t\t\t\t\t\t<div class=\"gallery-item col-md-6 col-sm-6 col-xs-12 building-decoration-restoration park-and-garden \">\r\n\t\t\t\t\t\t\t\t\t\t\t\t\t\t\t<div class=\"gallery_box\">\r\n\t\t\t\t\t\t\t\t\t<div class=\"gallry_wrp\">\r\n\t\t\t\t\t\t\t\t\t\t<img decoding=\"async\" src=\"https:\/\/sozenlerahsap.com\/en\/wp-content\/uploads\/2023\/08\/13.png\" alt=\"\">\r\n\t\t\t\t\t\t\t\t\t\t<div class=\"gallery_info\">\r\n\t\t\t\t\t\t\t\t\t\t\t<h4 class=\"heading\"><a href=\"https:\/\/sozenlerahsap.com\/en\/project\/ganita-beach-arrangement\/\">Ganita Beach Arrangement<\/a><\/h4>\r\n\t\t\t\t\t\t\t\t\t\t\t<p>Ganita Beach Arrangement<\/p>\r\n\t\t\t\t\t\t\t\t\t\t<\/div>\r\n\t\t\t\t\t\t\t\t\t\t<ul class=\"link_icons\">\r\n\t\t\t\t\t\t\t\t\t\t\t<li><a class=\"lightbox-image\" data-fancybox-group=\"example-gallery\" href=\"https:\/\/sozenlerahsap.com\/en\/wp-content\/uploads\/2023\/08\/13.png\"><i class=\"fa fa-search-plus\" aria-hidden=\"true\"><\/i><\/a><\/li>\r\n\t\t\t\t\t\t\t\t\t\t<\/ul>\r\n\t\t\t\t\t\t\t\t\t<\/div>\r\n\t\t\t\t\t\t\t\t<\/div>\r\n\t\t\t\t\t\t\t<\/div>\r\n\t\t\t\t\t\t\t\t\t\t\t\t\t\t\t\t\t\t\t\t<div class=\"gallery-item col-md-6 col-sm-6 col-xs-12 building-decoration-restoration park-and-garden \">\r\n\t\t\t\t\t\t\t\t\t\t\t\t\t\t\t<div class=\"gallery_box\">\r\n\t\t\t\t\t\t\t\t\t<div class=\"gallry_wrp\">\r\n\t\t\t\t\t\t\t\t\t\t<img decoding=\"async\" src=\"https:\/\/sozenlerahsap.com\/en\/wp-content\/uploads\/2025\/03\/27.jpg\" alt=\"\">\r\n\t\t\t\t\t\t\t\t\t\t<div class=\"gallery_info\">\r\n\t\t\t\t\t\t\t\t\t\t\t<h4 class=\"heading\"><a href=\"https:\/\/sozenlerahsap.com\/en\/project\/yomra-republic-park\/\">Yomra Republic Park<\/a><\/h4>\r\n\t\t\t\t\t\t\t\t\t\t\t<p>Yomra Republic Park<\/p>\r\n\t\t\t\t\t\t\t\t\t\t<\/div>\r\n\t\t\t\t\t\t\t\t\t\t<ul class=\"link_icons\">\r\n\t\t\t\t\t\t\t\t\t\t\t<li><a class=\"lightbox-image\" data-fancybox-group=\"example-gallery\" href=\"https:\/\/sozenlerahsap.com\/en\/wp-content\/uploads\/2025\/03\/27.jpg\"><i class=\"fa fa-search-plus\" aria-hidden=\"true\"><\/i><\/a><\/li>\r\n\t\t\t\t\t\t\t\t\t\t<\/ul>\r\n\t\t\t\t\t\t\t\t\t<\/div>\r\n\t\t\t\t\t\t\t\t<\/div>\r\n\t\t\t\t\t\t\t<\/div>\r\n\t\t\t\t\t\t\t\t\t\t\t<\/div>\r\n\t\t\t\t<\/div>\r\n\t\t\t<\/div>\r\n\t\t<\/section>\r\n\r\n\t\t\t\t\t<\/div>\n\t\t\t\t<\/div>\n\t\t\t\t\t<\/div>\n\t\t<\/div>\n\t\t\t\t\t<\/div>\n\t\t<\/section>\n\t\t\t\t<\/div>\n\t\t","protected":false},"excerpt":{"rendered":"<p>Our Projects Home Completed Projects View All Building Decoration &#8211; Restoration Park and Garden Wooden House Ka\u015f\u00fcst\u00fc Republic Park Wooden House Avanos Historical Stone Bridge Avanos Historical Stone Bridge Ganita Beach Arrangement Ganita Beach Arrangement Yomra Republic Park Yomra Republic Park<\/p>\n","protected":false},"author":1,"featured_media":0,"parent":0,"menu_order":0,"comment_status":"closed","ping_status":"closed","template":"page-templates\/pages.php","meta":{"inline_featured_image":false,"_monsterinsights_skip_tracking":false,"_monsterinsights_sitenote_active":false,"_monsterinsights_sitenote_note":"","_monsterinsights_sitenote_category":0,"footnotes":""},"class_list":["post-558","page","type-page","status-publish","hentry"],"aioseo_notices":[],"_links":{"self":[{"href":"https:\/\/sozenlerahsap.com\/en\/wp-json\/wp\/v2\/pages\/558","targetHints":{"allow":["GET"]}}],"collection":[{"href":"https:\/\/sozenlerahsap.com\/en\/wp-json\/wp\/v2\/pages"}],"about":[{"href":"https:\/\/sozenlerahsap.com\/en\/wp-json\/wp\/v2\/types\/page"}],"author":[{"embeddable":true,"href":"https:\/\/sozenlerahsap.com\/en\/wp-json\/wp\/v2\/users\/1"}],"replies":[{"embeddable":true,"href":"https:\/\/sozenlerahsap.com\/en\/wp-json\/wp\/v2\/comments?post=558"}],"version-history":[{"count":8,"href":"https:\/\/sozenlerahsap.com\/en\/wp-json\/wp\/v2\/pages\/558\/revisions"}],"predecessor-version":[{"id":2642,"href":"https:\/\/sozenlerahsap.com\/en\/wp-json\/wp\/v2\/pages\/558\/revisions\/2642"}],"wp:attachment":[{"href":"https:\/\/sozenlerahsap.com\/en\/wp-json\/wp\/v2\/media?parent=558"}],"curies":[{"name":"wp","href":"https:\/\/api.w.org\/{rel}","templated":true}]}}