{"id":633,"date":"2023-09-07T07:55:11","date_gmt":"2023-09-07T07:55:11","guid":{"rendered":"https:\/\/shtheme.com\/demosd\/interiorarcwp\/?page_id=633"},"modified":"2026-01-26T12:13:55","modified_gmt":"2026-01-26T12:13:55","slug":"contact","status":"publish","type":"page","link":"https:\/\/sozenlerahsap.com\/en\/contact\/","title":{"rendered":"Contact"},"content":{"rendered":"\t\t<div data-elementor-type=\"wp-page\" data-elementor-id=\"633\" class=\"elementor elementor-633\">\n\t\t\t\t\t\t<section class=\"elementor-section elementor-top-section elementor-element elementor-element-7728fac elementor-section-full_width elementor-section-height-default elementor-section-height-default\" data-id=\"7728fac\" data-element_type=\"section\">\n\t\t\t\t\t\t<div class=\"elementor-container elementor-column-gap-no\">\n\t\t\t\t\t<div class=\"elementor-column elementor-col-100 elementor-top-column elementor-element elementor-element-aee94b6\" data-id=\"aee94b6\" data-element_type=\"column\">\n\t\t\t<div class=\"elementor-widget-wrap elementor-element-populated\">\n\t\t\t\t\t\t<div class=\"elementor-element elementor-element-f126ebc elementor-align-center elementor-widget elementor-widget-pages-header\" data-id=\"f126ebc\" data-element_type=\"widget\" data-widget_type=\"pages-header.default\">\n\t\t\t\t<div class=\"elementor-widget-container\">\n\t\t\t\t\t\r\n\t\t\t\t<section class=\"page-title\" style=\"background-image: url(https:\/\/sozenlerahsap.com\/wp-content\/uploads\/2025\/03\/iletisim-sayfa-banner.png);\r\n\t    background-size: cover;\r\n\t    background-repeat: no-repeat;\r\n\t    background-position: center center;\">\r\n   \t\t            <div class=\"container\">\r\n                <div class=\"row\">\r\n                    <div class=\"col-xs-12\">\r\n                    \t                        <h2>Contact<\/h2>\r\n                                                <ol class=\"breadcrumb\">\r\n                        \t                            <li><a href=\"\">Home<\/a><\/li>\r\n                                                                                    <li>Contact<\/li>\r\n                                                    <\/ol>\r\n                    <\/div>\r\n                <\/div>\r\n            <\/div>\r\n        <\/section>\r\n\r\n\t\t\t\t\t<\/div>\n\t\t\t\t<\/div>\n\t\t\t\t\t<\/div>\n\t\t<\/div>\n\t\t\t\t\t<\/div>\n\t\t<\/section>\n\t\t\t\t<section class=\"elementor-section elementor-top-section elementor-element elementor-element-94989bb elementor-section-full_width elementor-section-height-default elementor-section-height-default\" data-id=\"94989bb\" data-element_type=\"section\">\n\t\t\t\t\t\t<div class=\"elementor-container elementor-column-gap-no\">\n\t\t\t\t\t<div class=\"elementor-column elementor-col-100 elementor-top-column elementor-element elementor-element-8f99ca2\" data-id=\"8f99ca2\" data-element_type=\"column\">\n\t\t\t<div class=\"elementor-widget-wrap elementor-element-populated\">\n\t\t\t\t\t\t<div class=\"elementor-element elementor-element-cb84c9d elementor-align-left elementor-widget elementor-widget-pages-contact\" data-id=\"cb84c9d\" data-element_type=\"widget\" data-widget_type=\"pages-contact.default\">\n\t\t\t\t<div class=\"elementor-widget-container\">\n\t\t\t\t\t\r\n\t\t<section class=\"contactpage pagetoppadd\">\r\n            <div class=\"container\">\r\n                <div class=\"row\">\r\n                    <div class=\"col-sm-12 col-md-7\">\r\n                    \t                        <div class=\"sec-title\">\r\n                            <h2>Our Branches<\/h2>\r\n                            <span class=\"hdline\"><\/span>\r\n                        <\/div>\r\n                                                <div class=\"contactinfo\">\r\n                        \t                            <div class=\"col-sm-6\">\r\n                            \t                                <h3>Center: <br> S\u00f6zenler Wooden Building Products <\/h3>\r\n                                                                                                <img decoding=\"async\" src=\"https:\/\/sozenlerahsap.com\/wp-content\/uploads\/2025\/03\/iletisim-1.png\" alt=\"\" \/>\r\n                                                                                                <ul class=\"full-contact\">\r\n                                \t<li><i class=\"fa fa-map\" aria-hidden=\"true\"><\/i> Sanayi Mah. 316 Nolu Sok. No:5  Ortahisar \/ TRABZON<\/li>\n<li><i class=\"fa fa-phone\" aria-hidden=\"true\"><\/i>0 462 325 33 88<\/li>\n<li><i class=\"fa fa-phone\" aria-hidden=\"true\"><\/i>0 462 325 74 74<\/li>\n<li><i class=\"fa fa-envelope-o\" aria-hidden=\"true\"><\/i>info@sozenlerahsap.com<\/li>\n<li><i class=\"fa fa-fax\" aria-hidden=\"true\"><\/i> Fax: 0 462 325 62 76<\/li>                                <\/ul>\r\n                                                            <\/div>\r\n                                                        <div class=\"col-sm-6\">\r\n                            \t                                <h3>Warehouse and Workshop: <br> S\u00f6zenler Wooden Building Products <\/h3>\r\n                                                                                                <img decoding=\"async\" src=\"https:\/\/sozenlerahsap.com\/en\/wp-content\/uploads\/2025\/06\/iletisim-2.png\" alt=\"\" \/>\r\n                                                                                                <ul class=\"full-contact\">\r\n                                \t<li><i class=\"fa fa-map\" aria-hidden=\"true\"><\/i>Sanayi Mahallesi Kervan Sokak No:12<\/li>\n<li><i class=\"fa fa-phone\" aria-hidden=\"true\"><\/i>0 462 325 51 77<\/li>\n<li><i class=\"fa fa-envelope-o\" aria-hidden=\"true\"><\/i>kapitesisi@sozenlerah\u015fap.com<\/li>\n<li><i class=\"fa fa-fax\" aria-hidden=\"true\"><\/i> Fax: 0 462 325 67 87<\/li>                                <\/ul>\r\n                                                            <\/div>\r\n                                                    <\/div>\r\n                    <\/div>\r\n                    <div class=\"col-sm-12 col-md-5\">\r\n                    \t                        <div class=\"sec-title\">\r\n                            <h2>Contact Form<\/h2>\r\n                            <span class=\"hdline\"><\/span>\r\n                        <\/div>\r\n                                                                        \n<div class=\"wpcf7 no-js\" id=\"wpcf7-f639-o1\" lang=\"en-US\" dir=\"ltr\" data-wpcf7-id=\"639\">\n<div class=\"screen-reader-response\"><p role=\"status\" aria-live=\"polite\" aria-atomic=\"true\"><\/p> <ul><\/ul><\/div>\n<form action=\"\/en\/wp-json\/wp\/v2\/pages\/633#wpcf7-f639-o1\" method=\"post\" class=\"wpcf7-form init\" aria-label=\"Contact form\" novalidate=\"novalidate\" data-status=\"init\">\n<fieldset class=\"hidden-fields-container\"><input type=\"hidden\" name=\"_wpcf7\" value=\"639\" \/><input type=\"hidden\" name=\"_wpcf7_version\" value=\"6.1.4\" \/><input type=\"hidden\" name=\"_wpcf7_locale\" value=\"en_US\" \/><input type=\"hidden\" name=\"_wpcf7_unit_tag\" value=\"wpcf7-f639-o1\" \/><input type=\"hidden\" name=\"_wpcf7_container_post\" value=\"0\" \/><input type=\"hidden\" name=\"_wpcf7_posted_data_hash\" value=\"\" \/>\n<\/fieldset>\n<div id=\"contact-form\" class=\"contact-form\">\n\t<div class=\"row clearfix\">\n\t\t<div class=\"col-md-12\">\n\t\t\t<div class=\"form-group\">\n\t\t\t\t<p><span class=\"wpcf7-form-control-wrap\" data-name=\"your-name\"><input size=\"40\" maxlength=\"400\" class=\"wpcf7-form-control wpcf7-text\" aria-invalid=\"false\" placeholder=\"Name*\" value=\"\" type=\"text\" name=\"your-name\" \/><\/span>\n\t\t\t\t<\/p>\n\t\t\t<\/div>\n\t\t<\/div>\n\t\t<div class=\"col-md-12\">\n\t\t\t<div class=\"form-group\">\n\t\t\t\t<p><span class=\"wpcf7-form-control-wrap\" data-name=\"your-email\"><input size=\"40\" maxlength=\"400\" class=\"wpcf7-form-control wpcf7-email wpcf7-validates-as-required wpcf7-text wpcf7-validates-as-email\" aria-required=\"true\" aria-invalid=\"false\" placeholder=\"Email*\" value=\"\" type=\"email\" name=\"your-email\" \/><\/span>\n\t\t\t\t<\/p>\n\t\t\t<\/div>\n\t\t<\/div>\n\t\t<div class=\"col-md-12\">\n\t\t\t<div class=\"form-group\">\n\t\t\t\t<p><span class=\"wpcf7-form-control-wrap\" data-name=\"your-phone\"><input size=\"40\" maxlength=\"400\" class=\"wpcf7-form-control wpcf7-text\" aria-invalid=\"false\" placeholder=\"Phone*\" value=\"\" type=\"text\" name=\"your-phone\" \/><\/span>\n\t\t\t\t<\/p>\n\t\t\t<\/div>\n\t\t<\/div>\n\t\t<div class=\"col-md-12\">\n\t\t\t<div class=\"form-group\">\n\t\t\t\t<p><span class=\"wpcf7-form-control-wrap\" data-name=\"your-message\"><textarea cols=\"40\" rows=\"10\" maxlength=\"2000\" class=\"wpcf7-form-control wpcf7-textarea\" aria-invalid=\"false\" placeholder=\"Message\" name=\"your-message\"><\/textarea><\/span>\n\t\t\t\t<\/p>\n\t\t\t<\/div>\n\t\t\t<div class=\"overbtn\">\n\t\t\t\t<p><input class=\"wpcf7-form-control wpcf7-submit has-spinner btn-style1\" type=\"submit\" value=\"Submit\" \/>\n\t\t\t\t<\/p>\n\t\t\t<\/div>\n\t\t\t<div class=\"contact-form-message\">\n\t\t\t<\/div>\n\t\t<\/div>\n\t<\/div>\n<\/div><p style=\"display: none !important;\" class=\"akismet-fields-container\" data-prefix=\"_wpcf7_ak_\"><label>&#916;<textarea name=\"_wpcf7_ak_hp_textarea\" cols=\"45\" rows=\"8\" maxlength=\"100\"><\/textarea><\/label><input type=\"hidden\" id=\"ak_js_1\" name=\"_wpcf7_ak_js\" value=\"229\"\/><script>document.getElementById( \"ak_js_1\" ).setAttribute( \"value\", ( new Date() ).getTime() );<\/script><\/p><div class=\"wpcf7-response-output\" aria-hidden=\"true\"><\/div>\n<\/form>\n<\/div>\n                                            <\/div>\r\n                <\/div>\r\n            <\/div>\r\n        <\/section>\r\n        <!--Contact end-->\r\n\r\n        <!--Contact Section -->\r\n        \r\n\t\t\t\t\t<\/div>\n\t\t\t\t<\/div>\n\t\t\t\t\t<\/div>\n\t\t<\/div>\n\t\t\t\t\t<\/div>\n\t\t<\/section>\n\t\t\t\t<section class=\"elementor-section elementor-top-section elementor-element elementor-element-ecc6719 elementor-section-boxed elementor-section-height-default elementor-section-height-default\" data-id=\"ecc6719\" data-element_type=\"section\">\n\t\t\t\t\t\t<div class=\"elementor-container elementor-column-gap-default\">\n\t\t\t\t\t<div class=\"elementor-column elementor-col-50 elementor-top-column elementor-element elementor-element-6853db9\" data-id=\"6853db9\" data-element_type=\"column\">\n\t\t\t<div class=\"elementor-widget-wrap elementor-element-populated\">\n\t\t\t\t\t\t<div class=\"elementor-element elementor-element-3d4452f elementor-widget elementor-widget-sina_title\" data-id=\"3d4452f\" data-element_type=\"widget\" data-widget_type=\"sina_title.default\">\n\t\t\t\t<div class=\"elementor-widget-container\">\n\t\t\t\t\t\t\t<div class=\"sina-title\">\r\n\t\t\t\r\n\t\t\t\t\t\t\t<h4 class=\"sina-title-title\">Center <br> S\u00f6zenler Wooden Building Products<\/h4>\t\t\t\r\n\t\t\t\t\t\t\t<div class=\"sina-separator-wrap sina-flex\">\r\n\t\t\t\t\t<div class=\"sina-separator \"><\/div>\r\n\t\t\t\t<\/div>\r\n\t\t\t\r\n\t\t\t\r\n\t\t\t\t\t<\/div><!-- .sina-title -->\r\n\t\t\t\t\t\t<\/div>\n\t\t\t\t<\/div>\n\t\t\t\t<div class=\"elementor-element elementor-element-0f6b6d3 elementor-widget elementor-widget-google_maps\" data-id=\"0f6b6d3\" data-element_type=\"widget\" data-widget_type=\"google_maps.default\">\n\t\t\t\t<div class=\"elementor-widget-container\">\n\t\t\t\t\t\t\t<div class=\"elementor-custom-embed\">\n\t\t\t<iframe loading=\"lazy\"\n\t\t\t\t\tsrc=\"https:\/\/maps.google.com\/maps?q=Sanayi%20mahallesi%20316%20nolu%20sokak%20no%3A5%20&#038;t=m&#038;z=15&#038;output=embed&#038;iwloc=near\"\n\t\t\t\t\ttitle=\"Sanayi mahallesi 316 nolu sokak no:5 \"\n\t\t\t\t\taria-label=\"Sanayi mahallesi 316 nolu sokak no:5 \"\n\t\t\t><\/iframe>\n\t\t<\/div>\n\t\t\t\t\t\t<\/div>\n\t\t\t\t<\/div>\n\t\t\t\t\t<\/div>\n\t\t<\/div>\n\t\t\t\t<div class=\"elementor-column elementor-col-50 elementor-top-column elementor-element elementor-element-002ae4f\" data-id=\"002ae4f\" data-element_type=\"column\">\n\t\t\t<div class=\"elementor-widget-wrap elementor-element-populated\">\n\t\t\t\t\t\t<div class=\"elementor-element elementor-element-91e07d7 elementor-widget elementor-widget-sina_title\" data-id=\"91e07d7\" data-element_type=\"widget\" data-widget_type=\"sina_title.default\">\n\t\t\t\t<div class=\"elementor-widget-container\">\n\t\t\t\t\t\t\t<div class=\"sina-title\">\r\n\t\t\t\r\n\t\t\t\t\t\t\t<h4 class=\"sina-title-title\">Warehouse <br> S\u00f6zenler Wooden Building Products<\/h4>\t\t\t\r\n\t\t\t\t\t\t\t<div class=\"sina-separator-wrap sina-flex\">\r\n\t\t\t\t\t<div class=\"sina-separator \"><\/div>\r\n\t\t\t\t<\/div>\r\n\t\t\t\r\n\t\t\t\r\n\t\t\t\t\t<\/div><!-- .sina-title -->\r\n\t\t\t\t\t\t<\/div>\n\t\t\t\t<\/div>\n\t\t\t\t<div class=\"elementor-element elementor-element-9ac3816 elementor-widget elementor-widget-google_maps\" data-id=\"9ac3816\" data-element_type=\"widget\" data-widget_type=\"google_maps.default\">\n\t\t\t\t<div class=\"elementor-widget-container\">\n\t\t\t\t\t\t\t<div class=\"elementor-custom-embed\">\n\t\t\t<iframe loading=\"lazy\"\n\t\t\t\t\tsrc=\"https:\/\/maps.google.com\/maps?q=S%C3%B6zenler%20Ah%C5%9Fap%20Yap%C4%B1%20%C3%9Cr%C3%BCnleri%2C%20Sanayi%2C%20Kervan%20Sk.%20no%3A5%2C%2061100%20Ortahisar%2FTrabzon&#038;t=m&#038;z=15&#038;output=embed&#038;iwloc=near\"\n\t\t\t\t\ttitle=\"S\u00f6zenler Ah\u015fap Yap\u0131 \u00dcr\u00fcnleri, Sanayi, Kervan Sk. no:5, 61100 Ortahisar\/Trabzon\"\n\t\t\t\t\taria-label=\"S\u00f6zenler Ah\u015fap Yap\u0131 \u00dcr\u00fcnleri, Sanayi, Kervan Sk. no:5, 61100 Ortahisar\/Trabzon\"\n\t\t\t><\/iframe>\n\t\t<\/div>\n\t\t\t\t\t\t<\/div>\n\t\t\t\t<\/div>\n\t\t\t\t\t<\/div>\n\t\t<\/div>\n\t\t\t\t\t<\/div>\n\t\t<\/section>\n\t\t\t\t<section class=\"elementor-section elementor-top-section elementor-element elementor-element-554b719 elementor-section-boxed elementor-section-height-default elementor-section-height-default\" data-id=\"554b719\" data-element_type=\"section\">\n\t\t\t\t\t\t<div class=\"elementor-container elementor-column-gap-default\">\n\t\t\t\t\t<div class=\"elementor-column elementor-col-100 elementor-top-column elementor-element elementor-element-3d136e6\" data-id=\"3d136e6\" data-element_type=\"column\">\n\t\t\t<div class=\"elementor-widget-wrap\">\n\t\t\t\t\t\t\t<\/div>\n\t\t<\/div>\n\t\t\t\t\t<\/div>\n\t\t<\/section>\n\t\t\t\t<\/div>\n\t\t","protected":false},"excerpt":{"rendered":"<p>Contact Home Contact Our Branches Center: S\u00f6zenler Wooden Building Products Sanayi Mah. 316 Nolu Sok. No:5 Ortahisar \/ TRABZON 0 462 325 33 88 0 462 325 74 74 info@sozenlerahsap.com Fax: 0 462 325 62 76 Warehouse and Workshop: S\u00f6zenler Wooden Building Products Sanayi Mahallesi Kervan Sokak No:12 0 462 325 51 77 kapitesisi@sozenlerah\u015fap.com Fax: [&hellip;]<\/p>\n","protected":false},"author":1,"featured_media":0,"parent":0,"menu_order":0,"comment_status":"closed","ping_status":"closed","template":"page-templates\/pages.php","meta":{"inline_featured_image":false,"_monsterinsights_skip_tracking":false,"_monsterinsights_sitenote_active":false,"_monsterinsights_sitenote_note":"","_monsterinsights_sitenote_category":0,"footnotes":""},"class_list":["post-633","page","type-page","status-publish","hentry"],"aioseo_notices":[],"_links":{"self":[{"href":"https:\/\/sozenlerahsap.com\/en\/wp-json\/wp\/v2\/pages\/633","targetHints":{"allow":["GET"]}}],"collection":[{"href":"https:\/\/sozenlerahsap.com\/en\/wp-json\/wp\/v2\/pages"}],"about":[{"href":"https:\/\/sozenlerahsap.com\/en\/wp-json\/wp\/v2\/types\/page"}],"author":[{"embeddable":true,"href":"https:\/\/sozenlerahsap.com\/en\/wp-json\/wp\/v2\/users\/1"}],"replies":[{"embeddable":true,"href":"https:\/\/sozenlerahsap.com\/en\/wp-json\/wp\/v2\/comments?post=633"}],"version-history":[{"count":48,"href":"https:\/\/sozenlerahsap.com\/en\/wp-json\/wp\/v2\/pages\/633\/revisions"}],"predecessor-version":[{"id":2681,"href":"https:\/\/sozenlerahsap.com\/en\/wp-json\/wp\/v2\/pages\/633\/revisions\/2681"}],"wp:attachment":[{"href":"https:\/\/sozenlerahsap.com\/en\/wp-json\/wp\/v2\/media?parent=633"}],"curies":[{"name":"wp","href":"https:\/\/api.w.org\/{rel}","templated":true}]}}